{"id":847,"date":"2020-07-28T19:03:13","date_gmt":"2020-07-28T17:03:13","guid":{"rendered":"https:\/\/saskianiehaus.de\/?page_id=847"},"modified":"2026-05-08T17:48:28","modified_gmt":"2026-05-08T15:48:28","slug":"start","status":"publish","type":"page","link":"https:\/\/saskianiehaus.de\/en\/","title":{"rendered":"<p>Home<\/p>"},"content":{"rendered":"<div data-elementor-type=\"wp-page\" data-elementor-id=\"847\" class=\"elementor elementor-847\" data-elementor-settings=\"[]\">\n\t\t\t\t\t\t<div class=\"elementor-inner\">\n\t\t\t\t\t\t\t<div class=\"elementor-section-wrap\">\n\t\t\t\t\t\t\t<section class=\"elementor-section elementor-top-section elementor-element elementor-element-3ec5bfb elementor-section-height-full elementor-section-items-top elementor-section-content-top elementor-section-full_width elementor-hidden-phone elementor-section-height-default parallax_section_no qode_elementor_container_no\" data-id=\"3ec5bfb\" data-element_type=\"section\" data-settings='{\"background_background\":\"slideshow\",\"background_slideshow_gallery\":[{\"id\":2308,\"url\":\"https:\\\/\\\/saskianiehaus.de\\\/wp-content\\\/uploads\\\/2026\\\/04\\\/saskia_niehaus-werk04.jpeg\"},{\"id\":2314,\"url\":\"https:\\\/\\\/saskianiehaus.de\\\/wp-content\\\/uploads\\\/2026\\\/04\\\/saskia_niehaus-ateliersituation01.jpeg\"},{\"id\":2312,\"url\":\"https:\\\/\\\/saskianiehaus.de\\\/wp-content\\\/uploads\\\/2026\\\/04\\\/saskia_niehaus-werk-ausschnitt.jpeg\"},{\"id\":2319,\"url\":\"https:\\\/\\\/saskianiehaus.de\\\/wp-content\\\/uploads\\\/2026\\\/04\\\/saskia_niehaus-werk02v2.jpg\"},{\"id\":2313,\"url\":\"https:\\\/\\\/saskianiehaus.de\\\/wp-content\\\/uploads\\\/2026\\\/04\\\/saskia_niehaus-im_einklang.jpeg\"},{\"id\":2311,\"url\":\"https:\\\/\\\/saskianiehaus.de\\\/wp-content\\\/uploads\\\/2026\\\/04\\\/saskia_niehaus-werk01.jpeg\"},{\"id\":2309,\"url\":\"https:\\\/\\\/saskianiehaus.de\\\/wp-content\\\/uploads\\\/2026\\\/04\\\/saskia_niehaus-werk03.jpeg\"},{\"id\":2307,\"url\":\"https:\\\/\\\/saskianiehaus.de\\\/wp-content\\\/uploads\\\/2026\\\/04\\\/saskia_niehaus-werk05.jpeg\"}],\"background_slideshow_slide_transition\":\"slide_left\",\"background_slideshow_loop\":\"yes\",\"background_slideshow_slide_duration\":5000,\"background_slideshow_transition_duration\":500}'>\n\t\t\t\t\t\t\t<div class=\"elementor-background-overlay\"><\/div>\n\t\t\t\t\t\t\t<div class=\"elementor-container elementor-column-gap-default\">\n\t\t\t\t\t\t\t<div class=\"elementor-row\">\n\t\t\t\t\t<div class=\"elementor-column elementor-col-100 elementor-top-column elementor-element elementor-element-8f8919f\" data-id=\"8f8919f\" data-element_type=\"column\" data-settings='{\"background_background\":\"slideshow\",\"background_slideshow_gallery\":[],\"background_slideshow_loop\":\"yes\",\"background_slideshow_slide_duration\":5000,\"background_slideshow_slide_transition\":\"fade\",\"background_slideshow_transition_duration\":500}'>\n\t\t\t<div class=\"elementor-column-wrap\">\n\t\t\t\t\t\t\t<div class=\"elementor-widget-wrap\">\n\t\t\t\t\t\t\t\t<\/div>\n\t\t\t\t\t<\/div>\n\t\t<\/div>\n\t\t\t\t\t\t\t\t<\/div>\n\t\t\t\t\t<\/div>\n\t\t<\/section>\n\t\t\t\t<section class=\"elementor-section elementor-top-section elementor-element elementor-element-39df3c1 elementor-hidden-desktop elementor-section-full_width elementor-section-height-full elementor-section-height-default elementor-section-items-middle parallax_section_no qode_elementor_container_no\" data-id=\"39df3c1\" data-element_type=\"section\">\n\t\t\t\t\t\t<div class=\"elementor-container elementor-column-gap-no\">\n\t\t\t\t\t\t\t<div class=\"elementor-row\">\n\t\t\t\t\t<div class=\"elementor-column elementor-col-100 elementor-top-column elementor-element elementor-element-31386dd\" data-id=\"31386dd\" data-element_type=\"column\">\n\t\t\t<div class=\"elementor-column-wrap elementor-element-populated\">\n\t\t\t\t\t\t\t<div class=\"elementor-widget-wrap\">\n\t\t\t\t\t\t<div class=\"elementor-element elementor-element-ca156b8 elementor-arrows-position-inside elementor-widget elementor-widget-image-carousel\" data-id=\"ca156b8\" data-element_type=\"widget\" data-settings='{\"navigation\":\"arrows\",\"autoplay\":\"yes\",\"pause_on_hover\":\"yes\",\"pause_on_interaction\":\"yes\",\"autoplay_speed\":5000,\"infinite\":\"yes\",\"speed\":500}' data-widget_type=\"image-carousel.default\">\n\t\t\t\t<div class=\"elementor-widget-container\">\n\t\t\t\t\t<div class=\"elementor-image-carousel-wrapper swiper-container\" dir=\"ltr\">\n\t\t\t<div class=\"elementor-image-carousel swiper-wrapper\">\n\t\t\t\t<div class=\"swiper-slide\"><figure class=\"swiper-slide-inner\"><img class=\"swiper-slide-image\" src=\"https:\/\/saskianiehaus.de\/wp-content\/uploads\/2026\/05\/saskia_niehaus-mobileheader06.jpeg\" alt=\"saskia_niehaus-mobileheader06\"><\/figure><\/div><div class=\"swiper-slide\"><figure class=\"swiper-slide-inner\"><img class=\"swiper-slide-image\" src=\"https:\/\/saskianiehaus.de\/wp-content\/uploads\/2026\/05\/saskia_niehaus-mobileheader03.jpeg\" alt=\"saskia_niehaus-mobileheader03\"><\/figure><\/div><div class=\"swiper-slide\"><figure class=\"swiper-slide-inner\"><img class=\"swiper-slide-image\" src=\"https:\/\/saskianiehaus.de\/wp-content\/uploads\/2026\/05\/saskia_niehaus-mobileheader02.jpeg\" alt=\"saskia_niehaus-mobileheader02\"><\/figure><\/div><div class=\"swiper-slide\"><figure class=\"swiper-slide-inner\"><img class=\"swiper-slide-image\" src=\"https:\/\/saskianiehaus.de\/wp-content\/uploads\/2026\/05\/saskia_niehaus-mobileheader05.jpeg\" alt=\"saskia_niehaus-mobileheader05\"><\/figure><\/div><div class=\"swiper-slide\"><figure class=\"swiper-slide-inner\"><img class=\"swiper-slide-image\" src=\"https:\/\/saskianiehaus.de\/wp-content\/uploads\/2026\/05\/saskia_niehaus-mobileheader04.jpeg\" alt=\"saskia_niehaus-mobileheader04\"><\/figure><\/div>\t\t\t<\/div>\n\t\t\t\t\t\t\t\t\t\t\t\t\t\t\t\t<div class=\"elementor-swiper-button elementor-swiper-button-prev\">\n\t\t\t\t\t\t<i class=\"eicon-chevron-left\" aria-hidden=\"true\"><\/i>\n\t\t\t\t\t\t<span class=\"elementor-screen-only\">Previous<\/span>\n\t\t\t\t\t<\/div>\n\t\t\t\t\t<div class=\"elementor-swiper-button elementor-swiper-button-next\">\n\t\t\t\t\t\t<i class=\"eicon-chevron-right\" aria-hidden=\"true\"><\/i>\n\t\t\t\t\t\t<span class=\"elementor-screen-only\">Next<\/span>\n\t\t\t\t\t<\/div>\n\t\t\t\t\t\t\t\t\t<\/div>\n\t\t\t\t<\/div>\n\t\t\t\t<\/div>\n\t\t\t\t\t\t<\/div>\n\t\t\t\t\t<\/div>\n\t\t<\/div>\n\t\t\t\t\t\t\t\t<\/div>\n\t\t\t\t\t<\/div>\n\t\t<\/section>\n\t\t\t\t\t\t<\/div>\n\t\t\t\t\t\t<\/div>\n\t\t\t\t\t<\/div>","protected":false},"excerpt":{"rendered":"<p>Zur&uuml;ck Weiter<\/p>","protected":false},"author":1,"featured_media":0,"parent":0,"menu_order":0,"comment_status":"closed","ping_status":"closed","template":"full_width.php","meta":[],"yoast_head":"<!-- This site is optimized with the Yoast SEO plugin v15.9.2 - https:\/\/yoast.com\/wordpress\/plugins\/seo\/ -->\n<title>Saskia Niehaus<\/title>\n<meta name=\"description\" content=\"Zeitgen\u00f6ssische K\u00fcnstlerin in K\u00f6ln. Mit zeichnerischer Brillianz, malerischer und skulpturaler Sinnlichkeit entwickelt sie eine individuelle Mythologie des Lebendigen\" \/>\n<link rel=\"canonical\" href=\"https:\/\/saskianiehaus.de\/en\/\" \/>\n<meta property=\"og:locale\" content=\"en_GB\" \/>\n<meta property=\"og:type\" content=\"article\" \/>\n<meta property=\"og:title\" content=\"Saskia Niehaus\" \/>\n<meta property=\"og:description\" content=\"Zeitgen\u00f6ssische K\u00fcnstlerin in K\u00f6ln. Mit zeichnerischer Brillianz, malerischer und skulpturaler Sinnlichkeit entwickelt sie eine individuelle Mythologie des Lebendigen\" \/>\n<meta property=\"og:url\" content=\"https:\/\/saskianiehaus.de\/en\/\" \/>\n<meta property=\"og:site_name\" content=\"Saskia Niehaus\" \/>\n<meta property=\"article:modified_time\" content=\"2026-05-08T15:48:28+00:00\" \/>\n<meta property=\"og:image\" content=\"https:\/\/saskianiehaus.de\/wp-content\/uploads\/2026\/04\/saskia_niehaus-werk04.jpeg\" \/>\n\t<meta property=\"og:image:width\" content=\"1920\" \/>\n\t<meta property=\"og:image:height\" content=\"1440\" \/>\n<meta name=\"twitter:card\" content=\"summary_large_image\" \/>\n<meta name=\"twitter:label1\" content=\"Estimated reading time\">\n\t<meta name=\"twitter:data1\" content=\"3 minutes\">\n<script type=\"application\/ld+json\" class=\"yoast-schema-graph\">{\"@context\":\"https:\/\/schema.org\",\"@graph\":[{\"@type\":[\"Person\",\"Organization\"],\"@id\":\"https:\/\/saskianiehaus.de\/#\/schema\/person\/c7575bfe0b4b8471edd8595e2fb67d7a\",\"name\":\"Saskia\",\"image\":{\"@type\":\"ImageObject\",\"@id\":\"https:\/\/saskianiehaus.de\/#personlogo\",\"inLanguage\":\"en-GB\",\"url\":\"https:\/\/secure.gravatar.com\/avatar\/a2aab6e979c8c11c75072eba97984c54?s=96&d=mm&r=g\",\"caption\":\"Saskia\"},\"logo\":{\"@id\":\"https:\/\/saskianiehaus.de\/#personlogo\"}},{\"@type\":\"WebSite\",\"@id\":\"https:\/\/saskianiehaus.de\/#website\",\"url\":\"https:\/\/saskianiehaus.de\/\",\"name\":\"Saskia Niehaus\",\"description\":\"bildende K\\u00fcnstlerin, Dozentin bei Kunst und soziale Bildung\",\"publisher\":{\"@id\":\"https:\/\/saskianiehaus.de\/#\/schema\/person\/c7575bfe0b4b8471edd8595e2fb67d7a\"},\"potentialAction\":[{\"@type\":\"SearchAction\",\"target\":\"https:\/\/saskianiehaus.de\/?s={search_term_string}\",\"query-input\":\"required name=search_term_string\"}],\"inLanguage\":\"en-GB\"},{\"@type\":\"ImageObject\",\"@id\":\"https:\/\/saskianiehaus.de\/#primaryimage\",\"inLanguage\":\"en-GB\",\"url\":\"https:\/\/saskianiehaus.de\/wp-content\/uploads\/2026\/05\/saskia_niehaus-mobileheader06.jpeg\",\"width\":1320,\"height\":1980},{\"@type\":\"WebPage\",\"@id\":\"https:\/\/saskianiehaus.de\/#webpage\",\"url\":\"https:\/\/saskianiehaus.de\/\",\"name\":\"Saskia Niehaus\",\"isPartOf\":{\"@id\":\"https:\/\/saskianiehaus.de\/#website\"},\"primaryImageOfPage\":{\"@id\":\"https:\/\/saskianiehaus.de\/#primaryimage\"},\"datePublished\":\"2020-07-28T17:03:13+00:00\",\"dateModified\":\"2026-05-08T15:48:28+00:00\",\"description\":\"Zeitgen\\u00f6ssische K\\u00fcnstlerin in K\\u00f6ln. Mit zeichnerischer Brillianz, malerischer und skulpturaler Sinnlichkeit entwickelt sie eine individuelle Mythologie des Lebendigen\",\"breadcrumb\":{\"@id\":\"https:\/\/saskianiehaus.de\/#breadcrumb\"},\"inLanguage\":\"en-GB\",\"potentialAction\":[{\"@type\":\"ReadAction\",\"target\":[\"https:\/\/saskianiehaus.de\/\"]}]},{\"@type\":\"BreadcrumbList\",\"@id\":\"https:\/\/saskianiehaus.de\/#breadcrumb\",\"itemListElement\":[{\"@type\":\"ListItem\",\"position\":1,\"item\":{\"@type\":\"WebPage\",\"@id\":\"https:\/\/saskianiehaus.de\/\",\"url\":\"https:\/\/saskianiehaus.de\/\",\"name\":\"Saskia Niehaus\"}},{\"@type\":\"ListItem\",\"position\":2,\"item\":{\"@type\":\"WebPage\",\"@id\":\"https:\/\/saskianiehaus.de\/\",\"url\":\"https:\/\/saskianiehaus.de\/\",\"name\":\"Start\"}}]}]}<\/script>\n<!-- \/ Yoast SEO plugin. -->","_links":{"self":[{"href":"https:\/\/saskianiehaus.de\/en\/wp-json\/wp\/v2\/pages\/847"}],"collection":[{"href":"https:\/\/saskianiehaus.de\/en\/wp-json\/wp\/v2\/pages"}],"about":[{"href":"https:\/\/saskianiehaus.de\/en\/wp-json\/wp\/v2\/types\/page"}],"author":[{"embeddable":true,"href":"https:\/\/saskianiehaus.de\/en\/wp-json\/wp\/v2\/users\/1"}],"replies":[{"embeddable":true,"href":"https:\/\/saskianiehaus.de\/en\/wp-json\/wp\/v2\/comments?post=847"}],"version-history":[{"count":84,"href":"https:\/\/saskianiehaus.de\/en\/wp-json\/wp\/v2\/pages\/847\/revisions"}],"predecessor-version":[{"id":2373,"href":"https:\/\/saskianiehaus.de\/en\/wp-json\/wp\/v2\/pages\/847\/revisions\/2373"}],"wp:attachment":[{"href":"https:\/\/saskianiehaus.de\/en\/wp-json\/wp\/v2\/media?parent=847"}],"curies":[{"name":"wp","href":"https:\/\/api.w.org\/{rel}","templated":true}]}}